{"id":29090,"date":"2023-10-18T14:44:43","date_gmt":"2023-10-18T12:44:43","guid":{"rendered":"https:\/\/petite-pose.plein.ch\/?page_id=29090"},"modified":"2025-02-24T20:02:29","modified_gmt":"2025-02-24T19:02:29","slug":"olivehain-la-pose","status":"publish","type":"page","link":"https:\/\/lapose.plein.ch\/fr\/olivehain-la-pose\/","title":{"rendered":"La Pose"},"content":{"rendered":"<p>La Pose n\u2019est pas seulement le nom donn\u00e9 \u00e0 l\u2019oliveraie, c\u2019est aussi le programme de la production ol\u00e9icole. Une culture extensive, sans pesticides ni engrais chimiques, une r\u00e9colte faite enti\u00e8rement \u00e0 la main, une pression du fruit moderne veillant \u00e0 conserver tous les ar\u00f4mes, aucun assemblage, puisque les olives proviennent exclusivement de la r\u00e9gion.<\/p>\n\n\n\n<p>Autrement dit, un pur produit du terroir.<\/p>\n\n\n\n<h2 class=\"wp-block-heading\">Un <em>terroir<\/em> g\u00e2t\u00e9 par la nature<\/h2>\n\n\n\n<p>La Pose n\u2019est pas un nom sorti tout droit de notre imaginaire. C\u2019est le nom authentique et historique de l\u2019oliveraie.<\/p>\n\n\n\n<p>Le champ d\u2019oliviers est situ\u00e9 en contrebas de La Roche- sur- le-Buis. Petite terrasse expos\u00e9e plein sud, le terrain est domin\u00e9 par des falaises abruptes et surplombe une jolie vall\u00e9e \u00e0 la v\u00e9g\u00e9tation luxuriante.<br>Un sentier de grande randonn\u00e9e longe le verger et le nom de La Pose pourrait bien sugg\u00e9rer aux marcheurs de ralentir le pas. Pour cause: ceux qui connaissent l\u2019endroit n\u2019h\u00e9sitent pas \u00e0  \u00abse poser\u00bb pour appr\u00e9cier la vue et la nature.<\/p>\n\n\n\n<h2 class=\"wp-block-heading\">Une production respectueuse de l'environnement<\/h2>\n\n\n\n<p>Les oliviers centenaires qui se dressent fi\u00e8rement sur le terrain de La Pose portent des fruits de la vari\u00e9t\u00e9 La Tanche. Une olive unique, aux ar\u00f4mes fruit\u00e9s, avec une note de noix et d\u2019herbe fra\u00eechement coup\u00e9e.<\/p>\n\n\n\n<p>La production et la culture sont r\u00e9alis\u00e9es dans le plus strict respect de l\u2019environnement. Au fil des saisons, les arbres ne sont gu\u00e8re m\u00e9nag\u00e9s par les fortes chaleurs, les gel\u00e9es, la s\u00e9cheresse et la pluie. Au pied des oliviers, de nombreuses plantes sauvages continuent de pousser \u00e0 leur guise.<\/p>\n\n\n\n<p>La Pose renonce volontairement \u00e0 l\u2019utilisation de produits chimiques faisant office d\u2019engrais ou de pesticides. La pollinisation des fleurs en juin, le vent et le processus de maturation \u00e0 la fin de l\u2019automne font la richesse du produit.<\/p>\n\n\n\n<h2 class=\"wp-block-heading\">R\u00e9colte et pressage<\/h2>\n\n\n\n<p>La r\u00e9colte tardive, faite enti\u00e8rement \u00e0 la main, a lieu en fin d\u2019ann\u00e9e, apr\u00e8s le premier gel.<\/p>\n\n\n\n<p>Les olives sont ensuite amen\u00e9es dans les 24 heures au Moulin de Haute Provence, \u00e0 Buis-les-Baronnies. Ce pressoir aux installations tr\u00e8s modernes assure une qualit\u00e9 irr\u00e9prochable. L\u2019huile va ainsi conserver tout son ar\u00f4me et sa consistance.\nPur produit de la nature, La Pose vit et \u00e9volue. Son go\u00fbt peut donc varier tr\u00e8s l\u00e9g\u00e8rement d\u2019une ann\u00e9e \u00e0 l\u2019autre. D\u2019autant plus que seules les olives de la r\u00e9gion sont press\u00e9es dans ce moulin. Donc pas de m\u00e9lange ni d\u2019assemblage avec des huiles ou des fruits venus d\u2019ailleurs.<\/p>\n\n\n\n<h2 class=\"wp-block-heading\">Les Ambassadeurs, les cuv\u00e9es et les \u00e9tiquettes<\/h2>\n\n\n\n<p>Chaque ann\u00e9e est d\u00e9di\u00e9e \u00e0 une personnalit\u00e9, comme ambassadeur de la r\u00e9gion.<\/p>\n\n\n\n<p>Au dos de la bouteille d\u2019huile d\u2019olive, ces \u201eBuxois\" d\u00e9crivent leur relation toute personnelle \u00e0 l\u2019esp\u00e8ce r\u00e9gionale d\u2019olives  \u201eLa Tanche\".<\/p>\n\n\n\n<p>En 2011, c\u2019est <strong>Marc Bontempelli<\/strong> (du restaurant <a href=\"http:\/\/www.legrilldufourapain.fr\/\" target=\"_blank\" rel=\"noreferrer noopener\"><strong>\u201eLe Grill du Four \u00e0 pain\")<\/strong><\/a> qui a fait valoir ses accents.<\/p>\n\n\n\n<p>En 2012,&nbsp;&nbsp;<strong>Morgane Marchand&nbsp;<\/strong>(du restaurant&nbsp;<strong>(du restaurant \u201eLa Fourchette\" \u00e0 Buis-les-Baronnies)<\/strong>&nbsp;nous a transmis ses perceptions olfactives.<\/p>\n\n\n\n<p>Pour 2013,&nbsp;<strong>Sebastien Ricard<\/strong>(jeune agriculteur engag\u00e9, port\u00e9 sur une pratique agricole respectueuse) fait revivre la tradition familiale des ol\u00e9iculteurs proven\u00e7aux.<\/p>\n\n\n\n<p>Isabelle Bontempelli&nbsp;<strong>sera notre ambassadrice en 2014.<\/strong>Cette femme au parcours atypique a renonc\u00e9 \u00e0 sa carri\u00e8re de com\u00e9dienne pour se consacrer \u00e0 l'agriculture bio.<\/p>\n\n\n\n<p><strong>Henri Ricard<\/strong>&nbsp;est notre ambassaeur pour l'ann\u00e9e 2015. Il soigne, prot\u00e8ge et r\u00e9colte ses propres olives. Il est aussi de bon conseil pour La Pose. Sa personnalit\u00e9 et son exp\u00e9rience en font un partenaire de choix.<\/p>\n\n\n\n<p>Charme, esprit et \u201esavoir-faire\u201c:&nbsp;<strong>sera notre ambassadrice en 2014.<\/strong>&nbsp;Isabelle Bontempelli est notre ambassadrice pour la r\u00e9colte de l'ann\u00e9e 2016 et vous accueille au Restaurant \"Le Grill du Four \u00e0 pain\" \u00e0 Buis-les-Baronnies.<\/p>\n\n\n\n<p>Maire de Buis-les-Baronnies pendant de nombreuses ann\u00e9es. Aujourd'hui pr\u00e9sentateur TV appr\u00e9ci\u00e9 et infatigable \u00ab promoteur \u00bb de notre r\u00e9gion, les Baronnies proven\u00e7ales,&nbsp;<strong>Jean-Pierre Buix<\/strong>&nbsp;est notre ambassadeur pour l'ann\u00e9e 2017.<\/p>\n\n\n\n<p>Depuis plus de 40 ans, Christine Marchand a accueilli ses clients avec charme et bonne humeur dans son Restaurant La Fourchette \u00e0 Buis-les-Baronnies.&nbsp;<strong>Maintenant elle a transmis son \u00ab bijou \u00bb \u00e0 sa fille Morgane.<\/strong>.<br>Mais vous la rencontrerez encore r\u00e9guli\u00e8rement dans \u00ab son \u00bb restaurant. Pour nous, toujours un vrai plaisir. Christine est notre sympathique ambassadrice pour notre cuv\u00e9e 2018.<\/p>\n\n\n\n<p>R\u00e9colte 2020\/2021: Petit jubil\u00e9, grande \u00e9motion. Depuis 10 ans, nous prenons soin de nos 500 oliviers situ\u00e9s sur les flancs du village de La Roche-sur-le-Buis. L\u2019\u00e9tiquette de la r\u00e9colte du jubil\u00e9 ne pr\u00e9sente pas une personnalit\u00e9 engag\u00e9e de la petite bourgade de Buis-les-Baronnies. Pour une fois, nous figurons sur la bouteille d\u2019huile!<\/p>\n\n\n\n<p>R\u00e9colte 2023: Apr\u00e8s une pause forc\u00e9e due au corona, nous avons le plaisir de pr\u00e9senter une nouvelle personnalit\u00e9 de la petite ville de Buis-les-Baronnies.&nbsp;<strong>Judith Auzias<\/strong>&nbsp;est certainement l'une des plus talentueuses jeune cheffe de cuisine de la r\u00e9gion des Baronnies proven\u00e7ales. Dans son charmant restaurant La Ribote situ\u00e9 au coeur de Buis-les-Baronnies, elle vous surprendra par ses cr\u00e9ations tr\u00e8s originales. En \u00e9t\u00e9, vous d\u00e9gusterez sa d\u00e9licieuse cuisine tent\u00e9e de touches exotiques sur le toit-terrasse de La Ribote avec une vue splendide sur le rocher du Saint-Julien.<\/p>\n\n\n\n<h2 class=\"wp-block-heading\">Das Angebot<\/h2>\n\n\n<style>#jtg-29445 .modula-item .jtg-social a, .lightbox-socials.jtg-social a{ fill: #ffffff; color: #ffffff }#jtg-29445 .modula-item .jtg-social-expandable a, #jtg-29445 .modula-item .jtg-social-expandable-icons a{ fill: #ffffff; color: #ffffff }#jtg-29445 .modula-item .jtg-social svg, .lightbox-socials.jtg-social svg { height: 16px; width: 16px }#jtg-29445 .modula-item .jtg-social-expandable svg { height: 16px; width: 16px }#jtg-29445 .modula-item .jtg-social-expandable-icons svg { height: 16px; width: 16px }#jtg-29445 .modula-item .jtg-social a:not(:last-child), .lightbox-socials.jtg-social a:not(:last-child) { margin-right: 10px }#jtg-29445 .modula-item .jtg-social-expandable-icons { gap: 10px }#jtg-29445 .modula-item .figc {color:#ffffff;}#jtg-29445 .modula-item .figc .jtg-title {  font-size: 16px; }#jtg-29445 .modula-item .modula-item-content { transform: scale(1); }#jtg-29445 .modula-items .figc p.description { font-size:14px; }#jtg-29445 .modula-items .figc p.description { color:#ffffff;}#jtg-29445 .modula-items .figc .jtg-title { color:#ffffff; }#jtg-29445.modula-gallery .modula-item > a, #jtg-29445.modula-gallery .modula-item, #jtg-29445.modula-gallery .modula-item-content > a:not(.modula-no-follow) { cursor:zoom-in; } #jtg-29445.modula-gallery .modula-item-content .modula-no-follow { cursor: default; } @media screen and (max-width:480px){#jtg-29445 .modula-item .figc .jtg-title {  font-size: 12px; }#jtg-29445 .modula-items .figc p.description { color:#ffffff;font-size:10px; }}<\/style>\n<div  id=\"jtg-29445\" class=\"modula modula-gallery modula-custom-grid\" data-config=\"{&quot;height&quot;:800,&quot;tabletHeight&quot;:800,&quot;mobileHeight&quot;:800,&quot;desktopHeight&quot;:800,&quot;enableTwitter&quot;:false,&quot;enableWhatsapp&quot;:false,&quot;enableFacebook&quot;:false,&quot;enablePinterest&quot;:false,&quot;enableLinkedin&quot;:false,&quot;enableEmail&quot;:false,&quot;randomFactor&quot;:0.5,&quot;type&quot;:&quot;custom-grid&quot;,&quot;columns&quot;:12,&quot;gutter&quot;:10,&quot;mobileGutter&quot;:10,&quot;tabletGutter&quot;:10,&quot;desktopGutter&quot;:10,&quot;enableResponsive&quot;:&quot;0&quot;,&quot;tabletColumns&quot;:2,&quot;mobileColumns&quot;:1,&quot;lazyLoad&quot;:0,&quot;lightboxOpts&quot;:{&quot;animated&quot;:true,&quot;Thumbs&quot;:{&quot;type&quot;:&quot;modern&quot;,&quot;showOnStart&quot;:false},&quot;Toolbar&quot;:{&quot;display&quot;:{&quot;right&quot;:[&quot;close&quot;]},&quot;enabled&quot;:true},&quot;Carousel&quot;:{&quot;Panzoom&quot;:{&quot;touch&quot;:false},&quot;infinite&quot;:false},&quot;keyboard&quot;:{&quot;Escape&quot;:&quot;close&quot;,&quot;Delete&quot;:&quot;close&quot;,&quot;Backspace&quot;:&quot;close&quot;,&quot;PageUp&quot;:false,&quot;PageDown&quot;:false,&quot;ArrowUp&quot;:false,&quot;ArrowDown&quot;:false,&quot;ArrowRight&quot;:false,&quot;ArrowLeft&quot;:false},&quot;touch&quot;:false,&quot;backdropClick&quot;:false,&quot;l10n&quot;:{&quot;CLOSE&quot;:&quot;Close&quot;,&quot;NEXT&quot;:&quot;Next&quot;,&quot;PREV&quot;:&quot;Previous&quot;,&quot;Error&quot;:&quot;The requested content cannot be loaded. Please try again later.&quot;,&quot;PLAY_START&quot;:&quot;Start slideshow&quot;,&quot;PLAY_STOP&quot;:&quot;Pause slideshow&quot;,&quot;FULL_SCREEN&quot;:&quot;Full screen&quot;,&quot;THUMBS&quot;:&quot;Thumbnails&quot;,&quot;DOWNLOAD&quot;:&quot;Download&quot;,&quot;SHARE&quot;:&quot;Share&quot;,&quot;ZOOM&quot;:&quot;Zoom&quot;,&quot;EMAIL&quot;:&quot;Here is the link to the image : %%image_link%% and this is the link to the gallery : %%gallery_link%%&quot;,&quot;MODAL&quot;:&quot;You can close this modal content with the ESC key&quot;,&quot;ERROR&quot;:&quot;Something Went Wrong, Please Try Again Later&quot;,&quot;IMAGE_ERROR&quot;:&quot;Image Not Found&quot;,&quot;ELEMENT_NOT_FOUND&quot;:&quot;HTML Element Not Found&quot;,&quot;AJAX_NOT_FOUND&quot;:&quot;Error Loading AJAX : Not Found&quot;,&quot;AJAX_FORBIDDEN&quot;:&quot;Error Loading AJAX : Forbidden&quot;,&quot;IFRAME_ERROR&quot;:&quot;Error Loading Page&quot;,&quot;TOGGLE_ZOOM&quot;:&quot;Toggle zoom level&quot;,&quot;TOGGLE_THUMBS&quot;:&quot;Toggle thumbnails&quot;,&quot;TOGGLE_SLIDESHOW&quot;:&quot;Toggle slideshow&quot;,&quot;TOGGLE_FULLSCREEN&quot;:&quot;Toggle full-screen mode&quot;},&quot;Images&quot;:{&quot;Panzoom&quot;:{&quot;maxScale&quot;:2}},&quot;mainClass&quot;:&quot;modula-fancybox-container modula-lightbox-jtg-29445&quot;,&quot;Html&quot;:{&quot;videoAutoplay&quot;:0,&quot;videoTpl&quot;:&quot;&lt;video class=\\&quot;fancybox__html5video\\&quot; controls muted playsinline controlsList controlsList=\\&quot;nodownload\\&quot; poster=\\&quot;{{poster}}\\&quot; src=\\&quot;{{src}}\\&quot; type=\\&quot;{{format}}\\&quot; &gt;  Sorry, your browser doesn&#039;t support embedded videos, &lt;a href=\\&quot;{{src}}\\&quot;&gt; download &lt;\\\/a&gt; and watch with your favorite video player! &lt;\\\/video&gt;&quot;}},&quot;inView&quot;:false,&quot;email_subject&quot;:&quot;Check out this awesome image !!&quot;,&quot;email_message&quot;:&quot;Here is the link to the image : %%image_link%% and this is the link to the gallery : %%gallery_link%%&quot;,&quot;lightbox&quot;:&quot;fancybox&quot;}\">\n\n\t\n\t<div  class=\"modula-items\">\n\t\t<div class=\"modula-item effect-pufrobo\" data-width=\"2\" data-height=\"2\" >\n\t<div class=\"modula-item-overlay\"><\/div>\n\n\t<div class=\"modula-item-content\">\n\n\t\t\t\t\n\t\t\t\t\t<a data-image-id=\"29442\" role=\"button\" tabindex=\"0\" rel=\"jtg-29445\" data-caption=\"\" aria-label=\"Open image in lightbox\" class=\"tile-inner modula-item-link\"><\/a>\n\t\t\n\t\t<img loading=\"lazy\" decoding=\"async\" class=\"pic wp-image-29442\"  data-valign=\"middle\" data-halign=\"center\" alt=\"Flasche \u00d6liven\u00f6l La Pose\" data-full=\"https:\/\/lapose.plein.ch\/wp-content\/uploads\/2025\/02\/la-pose-flasche-05-liter.jpg\" title=\"lapose-flasche-2\" width=\"150\" height=\"150\" src=\"https:\/\/lapose.plein.ch\/wp-content\/uploads\/2025\/02\/la-pose-flasche-05-liter-150x150.jpg\" data-src=\"https:\/\/lapose.plein.ch\/wp-content\/uploads\/2025\/02\/la-pose-flasche-05-liter-150x150.jpg\" data-caption=\"\"\/>\n\t\t<div class=\"figc no-description\">\n\t\t\t<div class=\"figc-inner\">\n\t\t\t\t\t\t\t\t\t\t\t\t\t\t\t<\/div>\n\t\t<\/div>\n\n\t<\/div>\n\n<\/div><div class=\"modula-item effect-pufrobo\" data-width=\"2\" data-height=\"2\" >\n\t<div class=\"modula-item-overlay\"><\/div>\n\n\t<div class=\"modula-item-content\">\n\n\t\t\t\t\n\t\t\t\t\t<a data-image-id=\"29441\" role=\"button\" tabindex=\"0\" rel=\"jtg-29445\" data-caption=\"\" aria-label=\"Open image in lightbox\" class=\"tile-inner modula-item-link\"><\/a>\n\t\t\n\t\t<img loading=\"lazy\" decoding=\"async\" class=\"pic wp-image-29441\"  data-valign=\"middle\" data-halign=\"center\" alt=\"Flasche \u00d6liven\u00f6l La Pose\" data-full=\"https:\/\/lapose.plein.ch\/wp-content\/uploads\/2025\/02\/la-pose-075-liter.jpg\" title=\"lapose-flasche-1\" width=\"150\" height=\"150\" src=\"https:\/\/lapose.plein.ch\/wp-content\/uploads\/2025\/02\/la-pose-075-liter-150x150.jpg\" data-src=\"https:\/\/lapose.plein.ch\/wp-content\/uploads\/2025\/02\/la-pose-075-liter-150x150.jpg\" data-caption=\"\"\/>\n\t\t<div class=\"figc no-description\">\n\t\t\t<div class=\"figc-inner\">\n\t\t\t\t\t\t\t\t\t\t\t\t\t\t\t<\/div>\n\t\t<\/div>\n\n\t<\/div>\n\n<\/div><div class=\"modula-item effect-pufrobo\" data-width=\"2\" data-height=\"2\" >\n\t<div class=\"modula-item-overlay\"><\/div>\n\n\t<div class=\"modula-item-content\">\n\n\t\t\t\t\n\t\t\t\t\t<a data-image-id=\"29440\" role=\"button\" tabindex=\"0\" rel=\"jtg-29445\" data-caption=\"\" aria-label=\"Open image in lightbox\" class=\"tile-inner modula-item-link\"><\/a>\n\t\t\n\t\t<img loading=\"lazy\" decoding=\"async\" class=\"pic wp-image-29440\"  data-valign=\"middle\" data-halign=\"center\" alt=\"Flasche \u00d6liven\u00f6l La Pose\" data-full=\"https:\/\/lapose.plein.ch\/wp-content\/uploads\/2025\/02\/la-pose-05-liter.jpg\" title=\"lapose-flasche-3\" width=\"150\" height=\"150\" src=\"https:\/\/lapose.plein.ch\/wp-content\/uploads\/2025\/02\/la-pose-05-liter-150x150.jpg\" data-src=\"https:\/\/lapose.plein.ch\/wp-content\/uploads\/2025\/02\/la-pose-05-liter-150x150.jpg\" data-caption=\"\"\/>\n\t\t<div class=\"figc no-description\">\n\t\t\t<div class=\"figc-inner\">\n\t\t\t\t\t\t\t\t\t\t\t\t\t\t\t<\/div>\n\t\t<\/div>\n\n\t<\/div>\n\n<\/div>\t\t\n\t<\/div>\n\n\t\n\t\n\t<script type=\"application\/ld+json\">\n\t{\n\t\t\"@context\": \"http:\/\/schema.org\",\n\t\t\"@type\"   : \"ImageGallery\",\n\t\t\"id\"      : \"https:\/\/lapose.plein.ch\/fr\/olivehain-la-pose\/\",\n\t\t\"url\"     : \"https:\/\/lapose.plein.ch\/fr\/olivehain-la-pose\/\"\n\t}\n\n\t<\/script>\n\n\t\n<\/div>","protected":false},"excerpt":{"rendered":"<p>La Pose ist nicht nur Name des Olivenhains, sondern auch Programm der \u00d6lproduktion. Eine extensive Kultur, Ernte von Hand, modernste, aroma-konservierende Pressung, keine \u201eAssemblage\u201c, sondern ausschliesslich Oliven aus der Region. Un produit du terroir! Ein Terroir mit idealen Voraussetzungen La Pose ist keine Fantasiebezeichnung. So heisst tats\u00e4chlich einer der Olivenhaine. Historisch und verbrieft. Die Olivenhaine [&hellip;]<\/p>","protected":false},"author":1,"featured_media":29322,"parent":0,"menu_order":0,"comment_status":"closed","ping_status":"closed","template":"","meta":{"footnotes":""},"class_list":["post-29090","page","type-page","status-publish","has-post-thumbnail","hentry"],"yoast_head":"<!-- This site is optimized with the Yoast SEO plugin v26.6 - https:\/\/yoast.com\/wordpress\/plugins\/seo\/ -->\n<title>Olivenhain La Pose - La Pose<\/title>\n<meta name=\"robots\" content=\"index, follow, max-snippet:-1, max-image-preview:large, max-video-preview:-1\" \/>\n<link rel=\"canonical\" href=\"https:\/\/lapose.plein.ch\/fr\/olivehain-la-pose\/\" \/>\n<meta property=\"og:locale\" content=\"fr_FR\" \/>\n<meta property=\"og:type\" content=\"article\" \/>\n<meta property=\"og:title\" content=\"Olivenhain La Pose - La Pose\" \/>\n<meta property=\"og:description\" content=\"La Pose ist nicht nur Name des Olivenhains, sondern auch Programm der \u00d6lproduktion. Eine extensive Kultur, Ernte von Hand, modernste, aroma-konservierende Pressung, keine \u201eAssemblage\u201c, sondern ausschliesslich Oliven aus der Region. Un produit du terroir! Ein Terroir mit idealen Voraussetzungen La Pose ist keine Fantasiebezeichnung. So heisst tats\u00e4chlich einer der Olivenhaine. Historisch und verbrieft. Die Olivenhaine [&hellip;]\" \/>\n<meta property=\"og:url\" content=\"https:\/\/lapose.plein.ch\/fr\/olivehain-la-pose\/\" \/>\n<meta property=\"og:site_name\" content=\"La Pose\" \/>\n<meta property=\"article:modified_time\" content=\"2025-02-24T19:02:29+00:00\" \/>\n<meta property=\"og:image\" content=\"https:\/\/lapose.plein.ch\/wp-content\/uploads\/2024\/10\/olivenhain-la-pose-provence.jpg\" \/>\n\t<meta property=\"og:image:width\" content=\"1000\" \/>\n\t<meta property=\"og:image:height\" content=\"277\" \/>\n\t<meta property=\"og:image:type\" content=\"image\/jpeg\" \/>\n<meta name=\"twitter:card\" content=\"summary_large_image\" \/>\n<meta name=\"twitter:label1\" content=\"Dur\u00e9e de lecture estim\u00e9e\" \/>\n\t<meta name=\"twitter:data1\" content=\"5 minutes\" \/>\n<script type=\"application\/ld+json\" class=\"yoast-schema-graph\">{\"@context\":\"https:\/\/schema.org\",\"@graph\":[{\"@type\":\"WebPage\",\"@id\":\"https:\/\/lapose.plein.ch\/olivehain-la-pose\/\",\"url\":\"https:\/\/lapose.plein.ch\/olivehain-la-pose\/\",\"name\":\"Olivenhain La Pose - La Pose\",\"isPartOf\":{\"@id\":\"https:\/\/lapose.plein.ch\/fr\/#website\"},\"primaryImageOfPage\":{\"@id\":\"https:\/\/lapose.plein.ch\/olivehain-la-pose\/#primaryimage\"},\"image\":{\"@id\":\"https:\/\/lapose.plein.ch\/olivehain-la-pose\/#primaryimage\"},\"thumbnailUrl\":\"https:\/\/lapose.plein.ch\/wp-content\/uploads\/2024\/10\/olivenhain-la-pose-provence.jpg\",\"datePublished\":\"2023-10-18T12:44:43+00:00\",\"dateModified\":\"2025-02-24T19:02:29+00:00\",\"breadcrumb\":{\"@id\":\"https:\/\/lapose.plein.ch\/olivehain-la-pose\/#breadcrumb\"},\"inLanguage\":\"fr-FR\",\"potentialAction\":[{\"@type\":\"ReadAction\",\"target\":[\"https:\/\/lapose.plein.ch\/olivehain-la-pose\/\"]}]},{\"@type\":\"ImageObject\",\"inLanguage\":\"fr-FR\",\"@id\":\"https:\/\/lapose.plein.ch\/olivehain-la-pose\/#primaryimage\",\"url\":\"https:\/\/lapose.plein.ch\/wp-content\/uploads\/2024\/10\/olivenhain-la-pose-provence.jpg\",\"contentUrl\":\"https:\/\/lapose.plein.ch\/wp-content\/uploads\/2024\/10\/olivenhain-la-pose-provence.jpg\",\"width\":1000,\"height\":277,\"caption\":\"Olivenhain La Pose f\u00fcr das gleichnamige Oliven\u00f6l der Provence\"},{\"@type\":\"BreadcrumbList\",\"@id\":\"https:\/\/lapose.plein.ch\/olivehain-la-pose\/#breadcrumb\",\"itemListElement\":[{\"@type\":\"ListItem\",\"position\":1,\"name\":\"Startseite\",\"item\":\"https:\/\/lapose.plein.ch\/fr\/\"},{\"@type\":\"ListItem\",\"position\":2,\"name\":\"Olivenhain La Pose\"}]},{\"@type\":\"WebSite\",\"@id\":\"https:\/\/lapose.plein.ch\/fr\/#website\",\"url\":\"https:\/\/lapose.plein.ch\/fr\/\",\"name\":\"La Pose\",\"description\":\"\",\"potentialAction\":[{\"@type\":\"SearchAction\",\"target\":{\"@type\":\"EntryPoint\",\"urlTemplate\":\"https:\/\/lapose.plein.ch\/fr\/?s={search_term_string}\"},\"query-input\":{\"@type\":\"PropertyValueSpecification\",\"valueRequired\":true,\"valueName\":\"search_term_string\"}}],\"inLanguage\":\"fr-FR\"}]}<\/script>\n<!-- \/ Yoast SEO plugin. -->","yoast_head_json":{"title":"Olivenhain La Pose - La Pose","robots":{"index":"index","follow":"follow","max-snippet":"max-snippet:-1","max-image-preview":"max-image-preview:large","max-video-preview":"max-video-preview:-1"},"canonical":"https:\/\/lapose.plein.ch\/fr\/olivehain-la-pose\/","og_locale":"fr_FR","og_type":"article","og_title":"Olivenhain La Pose - La Pose","og_description":"La Pose ist nicht nur Name des Olivenhains, sondern auch Programm der \u00d6lproduktion. Eine extensive Kultur, Ernte von Hand, modernste, aroma-konservierende Pressung, keine \u201eAssemblage\u201c, sondern ausschliesslich Oliven aus der Region. Un produit du terroir! Ein Terroir mit idealen Voraussetzungen La Pose ist keine Fantasiebezeichnung. So heisst tats\u00e4chlich einer der Olivenhaine. Historisch und verbrieft. Die Olivenhaine [&hellip;]","og_url":"https:\/\/lapose.plein.ch\/fr\/olivehain-la-pose\/","og_site_name":"La Pose","article_modified_time":"2025-02-24T19:02:29+00:00","og_image":[{"width":1000,"height":277,"url":"https:\/\/lapose.plein.ch\/wp-content\/uploads\/2024\/10\/olivenhain-la-pose-provence.jpg","type":"image\/jpeg"}],"twitter_card":"summary_large_image","twitter_misc":{"Dur\u00e9e de lecture estim\u00e9e":"5 minutes"},"schema":{"@context":"https:\/\/schema.org","@graph":[{"@type":"WebPage","@id":"https:\/\/lapose.plein.ch\/olivehain-la-pose\/","url":"https:\/\/lapose.plein.ch\/olivehain-la-pose\/","name":"Olivenhain La Pose - La Pose","isPartOf":{"@id":"https:\/\/lapose.plein.ch\/fr\/#website"},"primaryImageOfPage":{"@id":"https:\/\/lapose.plein.ch\/olivehain-la-pose\/#primaryimage"},"image":{"@id":"https:\/\/lapose.plein.ch\/olivehain-la-pose\/#primaryimage"},"thumbnailUrl":"https:\/\/lapose.plein.ch\/wp-content\/uploads\/2024\/10\/olivenhain-la-pose-provence.jpg","datePublished":"2023-10-18T12:44:43+00:00","dateModified":"2025-02-24T19:02:29+00:00","breadcrumb":{"@id":"https:\/\/lapose.plein.ch\/olivehain-la-pose\/#breadcrumb"},"inLanguage":"fr-FR","potentialAction":[{"@type":"ReadAction","target":["https:\/\/lapose.plein.ch\/olivehain-la-pose\/"]}]},{"@type":"ImageObject","inLanguage":"fr-FR","@id":"https:\/\/lapose.plein.ch\/olivehain-la-pose\/#primaryimage","url":"https:\/\/lapose.plein.ch\/wp-content\/uploads\/2024\/10\/olivenhain-la-pose-provence.jpg","contentUrl":"https:\/\/lapose.plein.ch\/wp-content\/uploads\/2024\/10\/olivenhain-la-pose-provence.jpg","width":1000,"height":277,"caption":"Olivenhain La Pose f\u00fcr das gleichnamige Oliven\u00f6l der Provence"},{"@type":"BreadcrumbList","@id":"https:\/\/lapose.plein.ch\/olivehain-la-pose\/#breadcrumb","itemListElement":[{"@type":"ListItem","position":1,"name":"Startseite","item":"https:\/\/lapose.plein.ch\/fr\/"},{"@type":"ListItem","position":2,"name":"Olivenhain La Pose"}]},{"@type":"WebSite","@id":"https:\/\/lapose.plein.ch\/fr\/#website","url":"https:\/\/lapose.plein.ch\/fr\/","name":"La Pose","description":"","potentialAction":[{"@type":"SearchAction","target":{"@type":"EntryPoint","urlTemplate":"https:\/\/lapose.plein.ch\/fr\/?s={search_term_string}"},"query-input":{"@type":"PropertyValueSpecification","valueRequired":true,"valueName":"search_term_string"}}],"inLanguage":"fr-FR"}]}},"_links":{"self":[{"href":"https:\/\/lapose.plein.ch\/fr\/wp-json\/wp\/v2\/pages\/29090","targetHints":{"allow":["GET"]}}],"collection":[{"href":"https:\/\/lapose.plein.ch\/fr\/wp-json\/wp\/v2\/pages"}],"about":[{"href":"https:\/\/lapose.plein.ch\/fr\/wp-json\/wp\/v2\/types\/page"}],"author":[{"embeddable":true,"href":"https:\/\/lapose.plein.ch\/fr\/wp-json\/wp\/v2\/users\/1"}],"replies":[{"embeddable":true,"href":"https:\/\/lapose.plein.ch\/fr\/wp-json\/wp\/v2\/comments?post=29090"}],"version-history":[{"count":11,"href":"https:\/\/lapose.plein.ch\/fr\/wp-json\/wp\/v2\/pages\/29090\/revisions"}],"predecessor-version":[{"id":29447,"href":"https:\/\/lapose.plein.ch\/fr\/wp-json\/wp\/v2\/pages\/29090\/revisions\/29447"}],"wp:featuredmedia":[{"embeddable":true,"href":"https:\/\/lapose.plein.ch\/fr\/wp-json\/wp\/v2\/media\/29322"}],"wp:attachment":[{"href":"https:\/\/lapose.plein.ch\/fr\/wp-json\/wp\/v2\/media?parent=29090"}],"curies":[{"name":"wp","href":"https:\/\/api.w.org\/{rel}","templated":true}]}}