{"id":29017,"date":"2023-10-17T15:27:12","date_gmt":"2023-10-17T13:27:12","guid":{"rendered":"https:\/\/petite-pose.plein.ch\/?page_id=29017"},"modified":"2024-10-17T20:27:44","modified_gmt":"2024-10-17T18:27:44","slug":"kontakt-und-reservation","status":"publish","type":"page","link":"https:\/\/lapose.plein.ch\/fr\/kontakt-und-reservation\/","title":{"rendered":"Formulaire de contact"},"content":{"rendered":"<p>Vous avez une question sur La Pose ou souhaitez commander notre huile d\u2019olive \"nature pure\" ?<br>Merci de remplir le formulaire ci-dessous et nous r\u00e9pondrons \u00e0 votre demande tr\u00e8s rapidement.<\/p>\n\n\n<div class=\"wpforms-container wpforms-container-full wpforms-block wpforms-block-cece153a-f057-4290-83a2-6121b81f4580 wpforms-render-modern\" id=\"wpforms-29023\"><form id=\"wpforms-form-29023\" class=\"wpforms-validate wpforms-form wpforms-ajax-form\" data-formid=\"29023\" method=\"post\" enctype=\"multipart\/form-data\" action=\"\/fr\/wp-json\/wp\/v2\/pages\/29017\" data-token=\"833408978cde92cd69c1aebaa33608e6\" data-token-time=\"1776584740\" data-trp-original-action=\"\/fr\/wp-json\/wp\/v2\/pages\/29017\"><noscript class=\"wpforms-error-noscript\">Veuillez activer JavaScript dans votre navigateur pour remplir ce formulaire.<\/noscript><div id=\"wpforms-error-noscript\" style=\"display: none;\">Veuillez activer JavaScript dans votre navigateur pour remplir ce formulaire.<\/div><div class=\"wpforms-field-container\"><div id=\"wpforms-29023-field_0-container\" class=\"wpforms-field wpforms-field-name\" data-field-id=\"0\"><fieldset><legend class=\"wpforms-field-label\">Nom <span class=\"wpforms-required-label\" aria-hidden=\"true\">*<\/span><\/legend><div class=\"wpforms-field-row wpforms-field-medium\"><div class=\"wpforms-field-row-block wpforms-first wpforms-one-half\"><input type=\"text\" id=\"wpforms-29023-field_0\" class=\"wpforms-field-name-first wpforms-field-required\" name=\"wpforms[fields][0][first]\" aria-errormessage=\"wpforms-29023-field_0-error\" required><label for=\"wpforms-29023-field_0\" class=\"wpforms-field-sublabel after\">Pr\u00e9nom<\/label><\/div><div class=\"wpforms-field-row-block wpforms-one-half\"><input type=\"text\" id=\"wpforms-29023-field_0-last\" class=\"wpforms-field-name-last wpforms-field-required\" name=\"wpforms[fields][0][last]\" aria-errormessage=\"wpforms-29023-field_0-last-error\" required><label for=\"wpforms-29023-field_0-last\" class=\"wpforms-field-sublabel after\">Nom<\/label><\/div><\/div><\/fieldset><\/div><div id=\"wpforms-29023-field_1-container\" class=\"wpforms-field wpforms-field-email\" data-field-id=\"1\"><label class=\"wpforms-field-label\" for=\"wpforms-29023-field_1\">E-mail <span class=\"wpforms-required-label\" aria-hidden=\"true\">*<\/span><\/label><input type=\"email\" id=\"wpforms-29023-field_1\" class=\"wpforms-field-medium wpforms-field-required\" name=\"wpforms[fields][1]\" spellcheck=\"false\" aria-errormessage=\"wpforms-29023-field_1-error\" required><\/div>\t\t<div id=\"wpforms-29023-field_3-container\"\n\t\t\tclass=\"wpforms-field wpforms-field-text\"\n\t\t\tdata-field-type=\"text\"\n\t\t\tdata-field-id=\"3\"\n\t\t\t>\n\t\t\t<label class=\"wpforms-field-label\" for=\"wpforms-29023-field_3\" >E-Mail Anfrage Name<\/label>\n\t\t\t<input type=\"text\" id=\"wpforms-29023-field_3\" class=\"wpforms-field-medium\" name=\"wpforms[fields][3]\" >\n\t\t<\/div>\n\t\t<div id=\"wpforms-29023-field_2-container\" class=\"wpforms-field wpforms-field-textarea\" data-field-id=\"2\"><label class=\"wpforms-field-label\" for=\"wpforms-29023-field_2\">Remarque \/ demande<\/label><textarea id=\"wpforms-29023-field_2\" class=\"wpforms-field-medium\" name=\"wpforms[fields][2]\" aria-errormessage=\"wpforms-29023-field_2-error\" ><\/textarea><\/div><script>\n\t\t\t\t( function() {\n\t\t\t\t\tconst style = document.createElement( 'style' );\n\t\t\t\t\tstyle.appendChild( document.createTextNode( '#wpforms-29023-field_3-container { position: absolute !important; overflow: hidden !important; display: inline !important; height: 1px !important; width: 1px !important; z-index: -1000 !important; padding: 0 !important; } #wpforms-29023-field_3-container input { visibility: hidden; } #wpforms-conversational-form-page #wpforms-29023-field_3-container label { counter-increment: none; }' ) );\n\t\t\t\t\tdocument.head.appendChild( style );\n\t\t\t\t\tdocument.currentScript?.remove();\n\t\t\t\t} )();\n\t\t\t<\/script><\/div><!-- .wpforms-field-container --><div class=\"wpforms-submit-container\" ><input type=\"hidden\" name=\"wpforms[id]\" value=\"29023\"><input type=\"hidden\" name=\"page_title\" value=\"\"><input type=\"hidden\" name=\"page_url\" value=\"https:\/\/lapose.plein.ch\/fr\/wp-json\/wp\/v2\/pages\/29017\"><input type=\"hidden\" name=\"url_referer\" value=\"\"><button type=\"submit\" name=\"wpforms[submit]\" id=\"wpforms-submit-29023\" class=\"wpforms-submit\" data-alt-text=\"Senden\u2026\" data-submit-text=\"Absenden\" aria-live=\"assertive\" value=\"wpforms-submit\">Envoyer<\/button><img loading=\"lazy\" decoding=\"async\" src=\"https:\/\/lapose.plein.ch\/wp-content\/plugins\/wpforms-lite\/assets\/images\/submit-spin.svg\" class=\"wpforms-submit-spinner\" style=\"display: none;\" width=\"26\" height=\"26\" alt=\"Chargement en cours\"><\/div><input type=\"hidden\" name=\"trp-form-language\" value=\"fr\"\/><\/form><\/div>  <!-- .wpforms-container -->","protected":false},"excerpt":{"rendered":"<p>Sie haben eine Frage zu La Pose oder Sie m\u00f6chten unser hervorragendes naturbelassenes Oliven\u00f6l bestellen?F\u00fcllen Sie bitte das untenstehende Formular aus und wir beantworten Ihre Anfrage umgehend.<\/p>","protected":false},"author":1,"featured_media":29313,"parent":0,"menu_order":0,"comment_status":"closed","ping_status":"closed","template":"","meta":{"footnotes":""},"class_list":["post-29017","page","type-page","status-publish","has-post-thumbnail","hentry"],"yoast_head":"<!-- This site is optimized with the Yoast SEO plugin v26.6 - https:\/\/yoast.com\/wordpress\/plugins\/seo\/ -->\n<title>Kontakt und Bestellung - La Pose<\/title>\n<meta name=\"robots\" content=\"index, follow, max-snippet:-1, max-image-preview:large, max-video-preview:-1\" \/>\n<link rel=\"canonical\" href=\"https:\/\/lapose.plein.ch\/fr\/kontakt-und-reservation\/\" \/>\n<meta property=\"og:locale\" content=\"fr_FR\" \/>\n<meta property=\"og:type\" content=\"article\" \/>\n<meta property=\"og:title\" content=\"Kontakt und Bestellung - La Pose\" \/>\n<meta property=\"og:description\" content=\"Sie haben eine Frage zu La Pose oder Sie m\u00f6chten unser hervorragendes naturbelassenes Oliven\u00f6l bestellen?F\u00fcllen Sie bitte das untenstehende Formular aus und wir beantworten Ihre Anfrage umgehend.\" \/>\n<meta property=\"og:url\" content=\"https:\/\/lapose.plein.ch\/fr\/kontakt-und-reservation\/\" \/>\n<meta property=\"og:site_name\" content=\"La Pose\" \/>\n<meta property=\"article:modified_time\" content=\"2024-10-17T18:27:44+00:00\" \/>\n<meta property=\"og:image\" content=\"https:\/\/lapose.plein.ch\/wp-content\/uploads\/2024\/10\/olivenoel-la-pose-provence.jpg\" \/>\n\t<meta property=\"og:image:width\" content=\"1000\" \/>\n\t<meta property=\"og:image:height\" content=\"277\" \/>\n\t<meta property=\"og:image:type\" content=\"image\/jpeg\" \/>\n<meta name=\"twitter:card\" content=\"summary_large_image\" \/>\n<meta name=\"twitter:label1\" content=\"Dur\u00e9e de lecture estim\u00e9e\" \/>\n\t<meta name=\"twitter:data1\" content=\"1 minute\" \/>\n<script type=\"application\/ld+json\" class=\"yoast-schema-graph\">{\"@context\":\"https:\/\/schema.org\",\"@graph\":[{\"@type\":\"WebPage\",\"@id\":\"https:\/\/lapose.plein.ch\/kontakt-und-reservation\/\",\"url\":\"https:\/\/lapose.plein.ch\/kontakt-und-reservation\/\",\"name\":\"Kontakt und Bestellung - La Pose\",\"isPartOf\":{\"@id\":\"https:\/\/lapose.plein.ch\/fr\/#website\"},\"primaryImageOfPage\":{\"@id\":\"https:\/\/lapose.plein.ch\/kontakt-und-reservation\/#primaryimage\"},\"image\":{\"@id\":\"https:\/\/lapose.plein.ch\/kontakt-und-reservation\/#primaryimage\"},\"thumbnailUrl\":\"https:\/\/lapose.plein.ch\/wp-content\/uploads\/2024\/10\/olivenoel-la-pose-provence.jpg\",\"datePublished\":\"2023-10-17T13:27:12+00:00\",\"dateModified\":\"2024-10-17T18:27:44+00:00\",\"breadcrumb\":{\"@id\":\"https:\/\/lapose.plein.ch\/kontakt-und-reservation\/#breadcrumb\"},\"inLanguage\":\"fr-FR\",\"potentialAction\":[{\"@type\":\"ReadAction\",\"target\":[\"https:\/\/lapose.plein.ch\/kontakt-und-reservation\/\"]}]},{\"@type\":\"ImageObject\",\"inLanguage\":\"fr-FR\",\"@id\":\"https:\/\/lapose.plein.ch\/kontakt-und-reservation\/#primaryimage\",\"url\":\"https:\/\/lapose.plein.ch\/wp-content\/uploads\/2024\/10\/olivenoel-la-pose-provence.jpg\",\"contentUrl\":\"https:\/\/lapose.plein.ch\/wp-content\/uploads\/2024\/10\/olivenoel-la-pose-provence.jpg\",\"width\":1000,\"height\":277,\"caption\":\"Drei La Tranche Oliven des Olivenhains La Pose in der Provence.\"},{\"@type\":\"BreadcrumbList\",\"@id\":\"https:\/\/lapose.plein.ch\/kontakt-und-reservation\/#breadcrumb\",\"itemListElement\":[{\"@type\":\"ListItem\",\"position\":1,\"name\":\"Startseite\",\"item\":\"https:\/\/lapose.plein.ch\/fr\/\"},{\"@type\":\"ListItem\",\"position\":2,\"name\":\"Kontakt und Bestellung\"}]},{\"@type\":\"WebSite\",\"@id\":\"https:\/\/lapose.plein.ch\/fr\/#website\",\"url\":\"https:\/\/lapose.plein.ch\/fr\/\",\"name\":\"La Pose\",\"description\":\"\",\"potentialAction\":[{\"@type\":\"SearchAction\",\"target\":{\"@type\":\"EntryPoint\",\"urlTemplate\":\"https:\/\/lapose.plein.ch\/fr\/?s={search_term_string}\"},\"query-input\":{\"@type\":\"PropertyValueSpecification\",\"valueRequired\":true,\"valueName\":\"search_term_string\"}}],\"inLanguage\":\"fr-FR\"}]}<\/script>\n<!-- \/ Yoast SEO plugin. -->","yoast_head_json":{"title":"Kontakt und Bestellung - La Pose","robots":{"index":"index","follow":"follow","max-snippet":"max-snippet:-1","max-image-preview":"max-image-preview:large","max-video-preview":"max-video-preview:-1"},"canonical":"https:\/\/lapose.plein.ch\/fr\/kontakt-und-reservation\/","og_locale":"fr_FR","og_type":"article","og_title":"Kontakt und Bestellung - La Pose","og_description":"Sie haben eine Frage zu La Pose oder Sie m\u00f6chten unser hervorragendes naturbelassenes Oliven\u00f6l bestellen?F\u00fcllen Sie bitte das untenstehende Formular aus und wir beantworten Ihre Anfrage umgehend.","og_url":"https:\/\/lapose.plein.ch\/fr\/kontakt-und-reservation\/","og_site_name":"La Pose","article_modified_time":"2024-10-17T18:27:44+00:00","og_image":[{"width":1000,"height":277,"url":"https:\/\/lapose.plein.ch\/wp-content\/uploads\/2024\/10\/olivenoel-la-pose-provence.jpg","type":"image\/jpeg"}],"twitter_card":"summary_large_image","twitter_misc":{"Dur\u00e9e de lecture estim\u00e9e":"1 minute"},"schema":{"@context":"https:\/\/schema.org","@graph":[{"@type":"WebPage","@id":"https:\/\/lapose.plein.ch\/kontakt-und-reservation\/","url":"https:\/\/lapose.plein.ch\/kontakt-und-reservation\/","name":"Kontakt und Bestellung - La Pose","isPartOf":{"@id":"https:\/\/lapose.plein.ch\/fr\/#website"},"primaryImageOfPage":{"@id":"https:\/\/lapose.plein.ch\/kontakt-und-reservation\/#primaryimage"},"image":{"@id":"https:\/\/lapose.plein.ch\/kontakt-und-reservation\/#primaryimage"},"thumbnailUrl":"https:\/\/lapose.plein.ch\/wp-content\/uploads\/2024\/10\/olivenoel-la-pose-provence.jpg","datePublished":"2023-10-17T13:27:12+00:00","dateModified":"2024-10-17T18:27:44+00:00","breadcrumb":{"@id":"https:\/\/lapose.plein.ch\/kontakt-und-reservation\/#breadcrumb"},"inLanguage":"fr-FR","potentialAction":[{"@type":"ReadAction","target":["https:\/\/lapose.plein.ch\/kontakt-und-reservation\/"]}]},{"@type":"ImageObject","inLanguage":"fr-FR","@id":"https:\/\/lapose.plein.ch\/kontakt-und-reservation\/#primaryimage","url":"https:\/\/lapose.plein.ch\/wp-content\/uploads\/2024\/10\/olivenoel-la-pose-provence.jpg","contentUrl":"https:\/\/lapose.plein.ch\/wp-content\/uploads\/2024\/10\/olivenoel-la-pose-provence.jpg","width":1000,"height":277,"caption":"Drei La Tranche Oliven des Olivenhains La Pose in der Provence."},{"@type":"BreadcrumbList","@id":"https:\/\/lapose.plein.ch\/kontakt-und-reservation\/#breadcrumb","itemListElement":[{"@type":"ListItem","position":1,"name":"Startseite","item":"https:\/\/lapose.plein.ch\/fr\/"},{"@type":"ListItem","position":2,"name":"Kontakt und Bestellung"}]},{"@type":"WebSite","@id":"https:\/\/lapose.plein.ch\/fr\/#website","url":"https:\/\/lapose.plein.ch\/fr\/","name":"La Pose","description":"","potentialAction":[{"@type":"SearchAction","target":{"@type":"EntryPoint","urlTemplate":"https:\/\/lapose.plein.ch\/fr\/?s={search_term_string}"},"query-input":{"@type":"PropertyValueSpecification","valueRequired":true,"valueName":"search_term_string"}}],"inLanguage":"fr-FR"}]}},"_links":{"self":[{"href":"https:\/\/lapose.plein.ch\/fr\/wp-json\/wp\/v2\/pages\/29017","targetHints":{"allow":["GET"]}}],"collection":[{"href":"https:\/\/lapose.plein.ch\/fr\/wp-json\/wp\/v2\/pages"}],"about":[{"href":"https:\/\/lapose.plein.ch\/fr\/wp-json\/wp\/v2\/types\/page"}],"author":[{"embeddable":true,"href":"https:\/\/lapose.plein.ch\/fr\/wp-json\/wp\/v2\/users\/1"}],"replies":[{"embeddable":true,"href":"https:\/\/lapose.plein.ch\/fr\/wp-json\/wp\/v2\/comments?post=29017"}],"version-history":[{"count":13,"href":"https:\/\/lapose.plein.ch\/fr\/wp-json\/wp\/v2\/pages\/29017\/revisions"}],"predecessor-version":[{"id":29346,"href":"https:\/\/lapose.plein.ch\/fr\/wp-json\/wp\/v2\/pages\/29017\/revisions\/29346"}],"wp:featuredmedia":[{"embeddable":true,"href":"https:\/\/lapose.plein.ch\/fr\/wp-json\/wp\/v2\/media\/29313"}],"wp:attachment":[{"href":"https:\/\/lapose.plein.ch\/fr\/wp-json\/wp\/v2\/media?parent=29017"}],"curies":[{"name":"wp","href":"https:\/\/api.w.org\/{rel}","templated":true}]}}