{"id":29012,"date":"2023-10-17T15:18:34","date_gmt":"2023-10-17T13:18:34","guid":{"rendered":"https:\/\/petite-pose.plein.ch\/?page_id=29012"},"modified":"2026-01-03T17:21:26","modified_gmt":"2026-01-03T16:21:26","slug":"region-baronnies-provencales","status":"publish","type":"page","link":"https:\/\/lapose.plein.ch\/fr\/region-baronnies-provencales\/","title":{"rendered":"La r\u00e9gion"},"content":{"rendered":"<p>Situ\u00e9e au nord de la Provence, la r\u00e9gion des Baronnies Proven\u00e7ales est une terre d\u2019exception, o\u00f9 la nature intacte se montre g\u00e9n\u00e9reuse.\nLoin des grands axes touristiques, le pays des Baronnies a su pr\u00e9server son authenticit\u00e9 et sa beaut\u00e9. Le paysage m\u00e9tis, aux vall\u00e9es verdoyantes, collines harmonieuses, falaises abruptes et hauts plateaux sauvages, lui conf\u00e8re un caract\u00e8re unique. En prime, un climat m\u00e9diterran\u00e9en sec. Autrement dit, un terroir tout \u00e0 fait propice \u00e0 la culture de l\u2019olive.<br>&nbsp;<br><a href=\"http:\/\/www.buislesbaronnies.com\/\" target=\"_blank\" rel=\"noreferrer noopener\">Buis-les-Baronnies&nbsp;<\/a>est aussi le berceau d\u2019une huile d\u2019olive 100 pour cent naturelle, aromatique et gourmande, La Pose.<\/p>\n\n\n\n<h2 class=\"wp-block-heading\">La Provence<\/h2>\n\n\n\n<p>Entre la fronti\u00e8re italienne et le Rh\u00f4ne, bord\u00e9e par la M\u00e9diterran\u00e9e, la Provence est une terre d\u2019exception appr\u00e9ci\u00e9e pour la beaut\u00e9 de ses paysages et la qualit\u00e9 de son art de vivre. Ciel d\u2019azur, paysages naturels et patrimoine historique remarquable sont autant d\u2019atouts qui font de la Provence une destination r\u00eav\u00e9e. Ses parfums de lavande et de thym, le chant des cigales, sa luminosit\u00e9 exceptionnelle et sa douceur de vivre en font la r\u00e9gion de France la plus visit\u00e9e.<\/p>\n\n\n\n<p>Le climat m\u00e9diterran\u00e9en permet \u00e0 la Provence de se sp\u00e9cialiser dans des productions agricoles de haute valeur ajout\u00e9e telles que la culture de la vigne et la production de vin, la culture de la lavande et celle des oliviers. Le c\u0153ur de la Provence bat dans les collines qui relient la mer aux montagnes des Alpes. Ce sont ses coteaux de vignobles, ses vergers d\u2019oliviers, ses champs de lavande et ses paysages color\u00e9s qui ont charm\u00e9 C\u00e9zanne, Van Gogh, Chagall ou Giono...<\/p>\n\n\n\n<p>Culturellement, la Provence fait partie de l'ensemble des pays d'oc et les proven\u00e7aux ont l\u2019accent qui chante des gens du Midi. La Provence c\u2019est aussi le pays pittoresque de Pagnol, Raimu et Fernandel qui aime le pastis et la p\u00e9tanque. Terre de contrastes, l\u2019extr\u00eame diversit\u00e9 du territoire permet la pratique de la plupart des formes de tourisme : sportif, culturel, patrimonial, urbain, rural, vert, baln\u00e9aire, ou encore li\u00e9 \u00e0 la montagne et la neige.<\/p>\n\n\n\n<h2 class=\"wp-block-heading\">Les Baronnies Proven\u00e7ales<\/h2>\n\n\n\n<p>Au nord de la Provence et au sud du Dauphin\u00e9, entre Rh\u00f4ne et grandes Alpes, il y a un pays \u00e0 part, peu connu, secret, oubli\u00e9, loin des grands axes. Un pays de chemins cach\u00e9s entre vall\u00e9es myst\u00e9rieuses et fringantes collines, un pays de lumi\u00e8res et de senteurs, de myst\u00e8res et de beaut\u00e9, un pays o\u00f9 la douceur de vivre est \u00e0 saisir dans l\u2019instant: Les Baronnies Proven\u00e7ales !<\/p>\n\n\n\n<p>Voici les Baronnies ! Un pays m\u00e9tis, au sens propre du terme, un pays n\u00e9 des confluences et influences du Dauphin\u00e9 auquel il a toujours appartenu et de cette Provence dont il revendique haut et fort la filiation. Coinc\u00e9es entre le Diois au nord et l\u2019ombre du Mont Ventoux au sud, par la vall\u00e9e du Buech \u00e0 l\u2019est et les coteaux \u00e0 vignes de la vall\u00e9e du Rh\u00f4ne \u00e0 l\u2019ouest, les Baronnies Proven\u00e7ales se pr\u00e9sentent comme un territoire rural \u00e0 l\u2019identit\u00e9 en mosa\u00efque.<\/p>\n\n\n\n<p>M\u00e9lange d\u2019influences climatiques m\u00e9diterran\u00e9ennes m\u00e2tin\u00e9es de tendance montagnardes, l\u2019\u00e9t\u00e9 est marqu\u00e9 par des temp\u00e9ratures tr\u00e8s chaudes et un r\u00e9el d\u00e9ficit hydrique, alors que l\u2019hiver se montre rigoureux avec un thermom\u00e8tre qui descend couramment sous moins 10\u00b0 C.&nbsp;<\/p>\n\n\n\n<p>Cette oscillation permanente entre les caract\u00e8res m\u00e9diterran\u00e9ens et alpins se lit \u00e0 travers des juxtapositions v\u00e9g\u00e9tales tr\u00e8s tranch\u00e9es d\u2019un terroir typique de moyennes montagnes s\u00e8ches. Y alternent des garrigues \u00e0 thym et ch\u00eanaies pubescentes \u00e0 l\u2019adret avec des vergers fruitiers (oliviers, abricotiers, cerisiers) \u00e0 l\u2019ubac. La fragmentation paysag\u00e8re des Baronnies doit beaucoup \u00e0 la complexit\u00e9 et au cloisonnement des reliefs. Le visiteur est frapp\u00e9, lorsqu\u2019il aborde pour la premi\u00e8re fois les Baronnies, \u00e0 la fois par le cot\u00e9 spectaculaire des grandes barres calcaires aux formes tourment\u00e9es d\u2019o\u00f9 \u00e9mergent des jaillissements rocheux, et par les cols qui ouvrent de vastes horizon, o\u00f9 les cr\u00eates tant\u00f4t bois\u00e9es, tant\u00f4t d\u00e9mantel\u00e9es semblent dessiner une houle fig\u00e9e. Le sentiment d\u2019immensit\u00e9 est renforc\u00e9 par la puret\u00e9 de l\u2019air et la qualit\u00e9 du silence.\n\nDepuis 2015, les Baronnies proven\u00e7ales ont re\u00e7ues l'appellation de \"Parc naturel r\u00e9gional\".<\/p>\n\n\n\n<h2 class=\"wp-block-heading\">Histoire - Tradition humaine<\/h2>\n\n\n\n<p>Cette terre de confluence aura fa\u00e7onn\u00e9 chez ses habitants, les Baronniards, un socle identitaire commun \u00e0 travers une histoire tourment\u00e9e. \u201eHistoriquement, le terme de Baronnies existe depuis la fin du XIII\u00e8me si\u00e8cle, p\u00e9riode o\u00f9 deux seigneuries concurrentes, Les M\u00e9vouillon et les Montauban, concentrent entre leurs mains tous les pouvoirs politiques et \u00e9conomiques\", explique Lionel Tardy, le directeur du futur Parc Naturel R\u00e9gional des Baronnies Proven\u00e7ales. Apr\u00e8s la p\u00e9riode m\u00e9di\u00e9vale, ce territoire fut, pendant les guerres de religion, un des bastions du protestantisme fran\u00e7ais. \u201eCe courant religieux, ajoute Lionel Tardy, a forg\u00e9 un sentiment de solidarit\u00e9 et d\u2019appartenance \u00e0 ce terroir, de r\u00e9sistance aussi.\" Un sentiment qui se manifestera de nouveau pendant la seconde Guerre mondiale qui vit les Baronnies devenir une terre de refuge avec une R\u00e9sistance tr\u00e8s active. L\u2019identit\u00e9 humaine des Baronnies doit aussi \u00e0 l\u2019arriv\u00e9e de vagues successives de \u00ab soixante-huitards \u00bb ou n\u00e9o ruraux venus compenser la d\u00e9sertification rurale de la premi\u00e8re moiti\u00e9 du XX\u00e8me si\u00e8cle et contribuer ainsi au d\u00e9veloppement des activit\u00e9s touristiques.<br><\/p>\n\n\n\n<h2 class=\"wp-block-heading\">Parc Naturel R\u00e9gional des Baronnies Proven\u00e7ales<\/h2>\n\n\n\n<p>Aujourd\u2019hui, soutenu notamment par le projet de cr\u00e9ation d\u2019un Parc Naturel R\u00e9gional des Baronnies Proven\u00e7ales, qui pourrait  voir le jour \u00e0 l\u2019horizon 2014, le patrimoine architectural des villages est mis en valeur. Partout on a restaur\u00e9 les maisons, refait les toitures, mis des fleurs aux fen\u00eatres, plant\u00e9 des rosiers dans les ruelles. Sur les routes et chemins on y croise, surtout l\u2019\u00e9t\u00e9, cyclistes, randonneurs, grimpeurs, amateurs de parapente, venues de toute l\u2019Europe se livrer \u00e0 leur sport favori. Hier d\u00e9laiss\u00e9s ou \u00e0 demi ruin\u00e9s, les villages des Baronnies sont aujourd\u2019hui en pleine renaissance, les maisons d\u2019h\u00f4tes et gites ruraux fleurissent un peu plus nombreux chaque ann\u00e9e.<br>Le label a \u00e9t\u00e9 attribu\u00e9 au d\u00e9but de l\u2019ann\u00e9e 2015.<\/p>\n\n\n\n<h2 class=\"wp-block-heading\">Tourisme<\/h2>\n\n\n\n<p>Le toursime ne parviendra jamais \u00e0 briser le sortil\u00e8ge de ce paysage unique. Il ne peut rien contre la mosa\u00efque luxuriante de ces paysages l\u00e0, o\u00f9 les mille plis et replis des Baronnies dessinent un labyrinthe qu\u2019aucune foule d\u2019estivants ne pourra jamais banaliser. Plus discr\u00e8tes, moins connues que d\u2019autres contr\u00e9es du sud de la France, les Baronnies savent se faire d\u00e9sirer. Leur beaut\u00e9 reste aussi plus authentique.\n\nLa richesse du terroir et la beaut\u00e9 du paysage ont incit\u00e9s les responsables fran\u00e7ais de d\u00e9clarer les Baronnies proven\u00e7ales comme \"Parc naturel r\u00e9gional\".<\/p>\n\n\n\n<h2 class=\"wp-block-heading\">Buis-les-Baronnies<\/h2>\n\n\n\n<p>Buis-les-Baronnies c\u2019est toute la Provence avec un soup\u00e7on d\u2019Alpes. Longtemps capitale historique des Baronnies, Buis, avec ses 2400 habitants, est aujourd\u2019hui le chef-lieu d'un canton qui en compte 5330 r\u00e9partis sur 21 communes rurales. Situ\u00e9 \u00e0 370 m\u00e8tres d'altitude sur les bords de l'Ouv\u00e8ze et \u00e0 l'ombre du Mont Ventoux, Buis-les-Baronnies b\u00e9n\u00e9ficie d'un climat M\u00e9diterran\u00e9en sec et temp\u00e9r\u00e9 qui compte parmi les plus ensoleill\u00e9 de France. Travers\u00e9 par les routes de l'Olivier et de la Lavande, situ\u00e9 au centre d'une r\u00e9gion essentiellement agricole qui tire ses revenus de la culture d'arbres fruitiers et de plantes aromatiques et m\u00e9dicinales, Buis les Baronnies a jou\u00e9 de tout temps un r\u00f4le important dans le d\u00e9veloppement de l'agriculture, de l'artisanat et de l'industrie li\u00e9s \u00e0 ces productions agricoles sp\u00e9cifiques.<br><br>Entour\u00e9 des deux sites remarquables des Gorges d'Ubrieu et du rocher du Saint Julien, Buis les Baronnies est un haut lieu historique de l'escalade en France et poss\u00e8de des falaises \u00e9quip\u00e9es de renomm\u00e9e internationale. Et bient\u00f4t d\u2019une Via Ferrata parmi les plus spectaculaires d\u2019Europe !<br>Les environs montagneux et sauvages \u00e0 souhait qui constituent un environnement privil\u00e9gi\u00e9 pour les amoureux des sports de pleine nature, les t\u00e9moins encore visibles d\u2019un riche pass\u00e9 historique la\u00efc et religieux, les structures d\u2019accueil qui vont se multipliant et un actif commerce local, persuadent de nombreux vacanciers \u00e0 y s\u00e9journer.<\/p>\n\n\n\n<h2 class=\"wp-block-heading\">La Roche sur le Buis<\/h2>\n\n\n\n<p>La Roche sur le Buis est un village typique des Baronnies Proven\u00e7ales. Pimpant, fleuri, accroch\u00e9 \u00e0 la montagne \u00e0 700 m d\u2019altitude, l\u2019eau y coule \u00e0 flot aux fontaines et il s\u2019y exhale une ind\u00e9finissable douceur de vivre.<br>Distant de 5 km et 500m de d\u00e9nivel\u00e9 de Buis-les-Baronnies, on y monte (\u00e0 pied ou en voiture de pr\u00e9f\u00e9rence ; \u00e0 v\u00e9lo, c\u2019est rude !) en traversant un fantastique chaos de m\u00e9galithes et une mer d\u2019oliviers. Ancien village fortifi\u00e9, il ne conserve plus de ses d\u00e9fenses que les ruines du ch\u00e2teau fort, tr\u00e8s haut perch\u00e9 sur l\u2019\u00e9peron rocheux qui domine le village.<\/p>\n\n\n\n<p>De partout un point de vue exceptionnel s\u2019offre sur la vall\u00e9e somptueuse qui s\u2019\u00e9coule en contrebas. Avec ses 350 habitants, le modeste village a su garder jusqu\u2019\u00e0 nos jours une irr\u00e9elle tranquillit\u00e9 faite de sagesse et de labeur.<\/p>\n\n\n\n<h2 class=\"wp-block-heading\">La Cigale, reine de l'\u00e9t\u00e9<\/h2>\n\n\n\n<p>Tout autant que la p\u00e9tanque, le verre de pastis et la sieste de l'apr\u00e8s-midi sous les platanes, le chant strident des cigales constitue une symphonie unique en son genre, si caract\u00e9ristique de la vie au sud de la France.<\/p>\n\n\n\n<figure class=\"wp-block-image size-full is-resized\"><img loading=\"lazy\" decoding=\"async\" width=\"600\" height=\"375\" src=\"http:\/\/lapose.plein.ch\/wp-content\/uploads\/2026\/01\/la-cigalle-la-pose.jpg\" alt=\"La Cigalle, die Zikade, die K\u00f6nigin des Sommers in der Provence\" class=\"wp-image-29458\" style=\"width:313px;height:auto\" srcset=\"https:\/\/lapose.plein.ch\/wp-content\/uploads\/2026\/01\/la-cigalle-la-pose.jpg 600w, https:\/\/lapose.plein.ch\/wp-content\/uploads\/2026\/01\/la-cigalle-la-pose-300x188.jpg 300w, https:\/\/lapose.plein.ch\/wp-content\/uploads\/2026\/01\/la-cigalle-la-pose-18x12.jpg 18w, https:\/\/lapose.plein.ch\/wp-content\/uploads\/2026\/01\/la-cigalle-la-pose-500x313.jpg 500w\" sizes=\"auto, (max-width: 600px) 100vw, 600px\" \/><\/figure>\n\n\n\n<p>Les stridulations de cet insecte embl\u00e9matique de la Provence ne peuvent toutefois s'entendre que dans des circonstances particuli\u00e8res: temp\u00e9rature d'au moins 25 degr\u00e9s \u00e0 l'ombre, et aucun bruit perturbateur \u00e0 proximit\u00e9!<br>Seules les cigales m\u00e2les chantent, pour attirer ainsi les femelles: il s'agit donc l\u00e0 d'une parade nuptiale.<br>Le po\u00e8te (et laur\u00e9at du Prix Nobel) Fr\u00e9d\u00e9ric Mistral a fait de \u201ela cigale\u2033 le symbole de la Provence: \u201eLe soleil me fait chanter\u201c.<\/p>","protected":false},"excerpt":{"rendered":"<p>Die s\u00fcdfranz\u00f6sische Region \u201eBaronnies Proven\u00e7ales\u201c ist eine urt\u00fcmliche Naturlandschaft im n\u00f6rdlichen Teil der Provence. Abseits der grossen Touristenstr\u00f6me konnten sich \u201eles Baronnies\u201c eine zauberhafte Unber\u00fchrtheit, Echtheit und einen speziellen Charme erhalten. Die Landschaftsbilder wechseln sich auf kurzen Distanzen ab: liebliche T\u00e4ler, gr\u00fcne H\u00fcgel, schroffe Felsen, wilde Hochebenen. Und dazu gesellt sich das mediterrane, trockene Klima. [&hellip;]<\/p>","protected":false},"author":1,"featured_media":29324,"parent":0,"menu_order":0,"comment_status":"closed","ping_status":"closed","template":"","meta":{"footnotes":""},"class_list":["post-29012","page","type-page","status-publish","has-post-thumbnail","hentry"],"yoast_head":"<!-- This site is optimized with the Yoast SEO plugin v26.6 - https:\/\/yoast.com\/wordpress\/plugins\/seo\/ -->\n<title>Die Region - La Pose<\/title>\n<meta name=\"robots\" content=\"index, follow, max-snippet:-1, max-image-preview:large, max-video-preview:-1\" \/>\n<link rel=\"canonical\" href=\"https:\/\/lapose.plein.ch\/fr\/region-baronnies-provencales\/\" \/>\n<meta property=\"og:locale\" content=\"fr_FR\" \/>\n<meta property=\"og:type\" content=\"article\" \/>\n<meta property=\"og:title\" content=\"Die Region - La Pose\" \/>\n<meta property=\"og:description\" content=\"Die s\u00fcdfranz\u00f6sische Region \u201eBaronnies Proven\u00e7ales\u201c ist eine urt\u00fcmliche Naturlandschaft im n\u00f6rdlichen Teil der Provence. Abseits der grossen Touristenstr\u00f6me konnten sich \u201eles Baronnies\u201c eine zauberhafte Unber\u00fchrtheit, Echtheit und einen speziellen Charme erhalten. Die Landschaftsbilder wechseln sich auf kurzen Distanzen ab: liebliche T\u00e4ler, gr\u00fcne H\u00fcgel, schroffe Felsen, wilde Hochebenen. Und dazu gesellt sich das mediterrane, trockene Klima. [&hellip;]\" \/>\n<meta property=\"og:url\" content=\"https:\/\/lapose.plein.ch\/fr\/region-baronnies-provencales\/\" \/>\n<meta property=\"og:site_name\" content=\"La Pose\" \/>\n<meta property=\"article:modified_time\" content=\"2026-01-03T16:21:26+00:00\" \/>\n<meta property=\"og:image\" content=\"https:\/\/lapose.plein.ch\/wp-content\/uploads\/2024\/10\/lavendel-la-pose-provence.jpg\" \/>\n\t<meta property=\"og:image:width\" content=\"1001\" \/>\n\t<meta property=\"og:image:height\" content=\"277\" \/>\n\t<meta property=\"og:image:type\" content=\"image\/jpeg\" \/>\n<meta name=\"twitter:card\" content=\"summary_large_image\" \/>\n<meta name=\"twitter:label1\" content=\"Dur\u00e9e de lecture estim\u00e9e\" \/>\n\t<meta name=\"twitter:data1\" content=\"7 minutes\" \/>\n<script type=\"application\/ld+json\" class=\"yoast-schema-graph\">{\"@context\":\"https:\/\/schema.org\",\"@graph\":[{\"@type\":\"WebPage\",\"@id\":\"https:\/\/lapose.plein.ch\/region-baronnies-provencales\/\",\"url\":\"https:\/\/lapose.plein.ch\/region-baronnies-provencales\/\",\"name\":\"Die Region - La Pose\",\"isPartOf\":{\"@id\":\"https:\/\/lapose.plein.ch\/fr\/#website\"},\"primaryImageOfPage\":{\"@id\":\"https:\/\/lapose.plein.ch\/region-baronnies-provencales\/#primaryimage\"},\"image\":{\"@id\":\"https:\/\/lapose.plein.ch\/region-baronnies-provencales\/#primaryimage\"},\"thumbnailUrl\":\"https:\/\/lapose.plein.ch\/wp-content\/uploads\/2024\/10\/lavendel-la-pose-provence.jpg\",\"datePublished\":\"2023-10-17T13:18:34+00:00\",\"dateModified\":\"2026-01-03T16:21:26+00:00\",\"breadcrumb\":{\"@id\":\"https:\/\/lapose.plein.ch\/region-baronnies-provencales\/#breadcrumb\"},\"inLanguage\":\"fr-FR\",\"potentialAction\":[{\"@type\":\"ReadAction\",\"target\":[\"https:\/\/lapose.plein.ch\/region-baronnies-provencales\/\"]}]},{\"@type\":\"ImageObject\",\"inLanguage\":\"fr-FR\",\"@id\":\"https:\/\/lapose.plein.ch\/region-baronnies-provencales\/#primaryimage\",\"url\":\"https:\/\/lapose.plein.ch\/wp-content\/uploads\/2024\/10\/lavendel-la-pose-provence.jpg\",\"contentUrl\":\"https:\/\/lapose.plein.ch\/wp-content\/uploads\/2024\/10\/lavendel-la-pose-provence.jpg\",\"width\":1001,\"height\":277,\"caption\":\"Lavendelstrauch auf dem Olivenhain La Pose mit dem gleichnamigen Oliven\u00f6l\"},{\"@type\":\"BreadcrumbList\",\"@id\":\"https:\/\/lapose.plein.ch\/region-baronnies-provencales\/#breadcrumb\",\"itemListElement\":[{\"@type\":\"ListItem\",\"position\":1,\"name\":\"Startseite\",\"item\":\"https:\/\/lapose.plein.ch\/fr\/\"},{\"@type\":\"ListItem\",\"position\":2,\"name\":\"Die Region\"}]},{\"@type\":\"WebSite\",\"@id\":\"https:\/\/lapose.plein.ch\/fr\/#website\",\"url\":\"https:\/\/lapose.plein.ch\/fr\/\",\"name\":\"La Pose\",\"description\":\"\",\"potentialAction\":[{\"@type\":\"SearchAction\",\"target\":{\"@type\":\"EntryPoint\",\"urlTemplate\":\"https:\/\/lapose.plein.ch\/fr\/?s={search_term_string}\"},\"query-input\":{\"@type\":\"PropertyValueSpecification\",\"valueRequired\":true,\"valueName\":\"search_term_string\"}}],\"inLanguage\":\"fr-FR\"}]}<\/script>\n<!-- \/ Yoast SEO plugin. -->","yoast_head_json":{"title":"Die Region - La Pose","robots":{"index":"index","follow":"follow","max-snippet":"max-snippet:-1","max-image-preview":"max-image-preview:large","max-video-preview":"max-video-preview:-1"},"canonical":"https:\/\/lapose.plein.ch\/fr\/region-baronnies-provencales\/","og_locale":"fr_FR","og_type":"article","og_title":"Die Region - La Pose","og_description":"Die s\u00fcdfranz\u00f6sische Region \u201eBaronnies Proven\u00e7ales\u201c ist eine urt\u00fcmliche Naturlandschaft im n\u00f6rdlichen Teil der Provence. Abseits der grossen Touristenstr\u00f6me konnten sich \u201eles Baronnies\u201c eine zauberhafte Unber\u00fchrtheit, Echtheit und einen speziellen Charme erhalten. Die Landschaftsbilder wechseln sich auf kurzen Distanzen ab: liebliche T\u00e4ler, gr\u00fcne H\u00fcgel, schroffe Felsen, wilde Hochebenen. Und dazu gesellt sich das mediterrane, trockene Klima. [&hellip;]","og_url":"https:\/\/lapose.plein.ch\/fr\/region-baronnies-provencales\/","og_site_name":"La Pose","article_modified_time":"2026-01-03T16:21:26+00:00","og_image":[{"width":1001,"height":277,"url":"https:\/\/lapose.plein.ch\/wp-content\/uploads\/2024\/10\/lavendel-la-pose-provence.jpg","type":"image\/jpeg"}],"twitter_card":"summary_large_image","twitter_misc":{"Dur\u00e9e de lecture estim\u00e9e":"7 minutes"},"schema":{"@context":"https:\/\/schema.org","@graph":[{"@type":"WebPage","@id":"https:\/\/lapose.plein.ch\/region-baronnies-provencales\/","url":"https:\/\/lapose.plein.ch\/region-baronnies-provencales\/","name":"Die Region - La Pose","isPartOf":{"@id":"https:\/\/lapose.plein.ch\/fr\/#website"},"primaryImageOfPage":{"@id":"https:\/\/lapose.plein.ch\/region-baronnies-provencales\/#primaryimage"},"image":{"@id":"https:\/\/lapose.plein.ch\/region-baronnies-provencales\/#primaryimage"},"thumbnailUrl":"https:\/\/lapose.plein.ch\/wp-content\/uploads\/2024\/10\/lavendel-la-pose-provence.jpg","datePublished":"2023-10-17T13:18:34+00:00","dateModified":"2026-01-03T16:21:26+00:00","breadcrumb":{"@id":"https:\/\/lapose.plein.ch\/region-baronnies-provencales\/#breadcrumb"},"inLanguage":"fr-FR","potentialAction":[{"@type":"ReadAction","target":["https:\/\/lapose.plein.ch\/region-baronnies-provencales\/"]}]},{"@type":"ImageObject","inLanguage":"fr-FR","@id":"https:\/\/lapose.plein.ch\/region-baronnies-provencales\/#primaryimage","url":"https:\/\/lapose.plein.ch\/wp-content\/uploads\/2024\/10\/lavendel-la-pose-provence.jpg","contentUrl":"https:\/\/lapose.plein.ch\/wp-content\/uploads\/2024\/10\/lavendel-la-pose-provence.jpg","width":1001,"height":277,"caption":"Lavendelstrauch auf dem Olivenhain La Pose mit dem gleichnamigen Oliven\u00f6l"},{"@type":"BreadcrumbList","@id":"https:\/\/lapose.plein.ch\/region-baronnies-provencales\/#breadcrumb","itemListElement":[{"@type":"ListItem","position":1,"name":"Startseite","item":"https:\/\/lapose.plein.ch\/fr\/"},{"@type":"ListItem","position":2,"name":"Die Region"}]},{"@type":"WebSite","@id":"https:\/\/lapose.plein.ch\/fr\/#website","url":"https:\/\/lapose.plein.ch\/fr\/","name":"La Pose","description":"","potentialAction":[{"@type":"SearchAction","target":{"@type":"EntryPoint","urlTemplate":"https:\/\/lapose.plein.ch\/fr\/?s={search_term_string}"},"query-input":{"@type":"PropertyValueSpecification","valueRequired":true,"valueName":"search_term_string"}}],"inLanguage":"fr-FR"}]}},"_links":{"self":[{"href":"https:\/\/lapose.plein.ch\/fr\/wp-json\/wp\/v2\/pages\/29012","targetHints":{"allow":["GET"]}}],"collection":[{"href":"https:\/\/lapose.plein.ch\/fr\/wp-json\/wp\/v2\/pages"}],"about":[{"href":"https:\/\/lapose.plein.ch\/fr\/wp-json\/wp\/v2\/types\/page"}],"author":[{"embeddable":true,"href":"https:\/\/lapose.plein.ch\/fr\/wp-json\/wp\/v2\/users\/1"}],"replies":[{"embeddable":true,"href":"https:\/\/lapose.plein.ch\/fr\/wp-json\/wp\/v2\/comments?post=29012"}],"version-history":[{"count":11,"href":"https:\/\/lapose.plein.ch\/fr\/wp-json\/wp\/v2\/pages\/29012\/revisions"}],"predecessor-version":[{"id":29459,"href":"https:\/\/lapose.plein.ch\/fr\/wp-json\/wp\/v2\/pages\/29012\/revisions\/29459"}],"wp:featuredmedia":[{"embeddable":true,"href":"https:\/\/lapose.plein.ch\/fr\/wp-json\/wp\/v2\/media\/29324"}],"wp:attachment":[{"href":"https:\/\/lapose.plein.ch\/fr\/wp-json\/wp\/v2\/media?parent=29012"}],"curies":[{"name":"wp","href":"https:\/\/api.w.org\/{rel}","templated":true}]}}