{"id":28971,"date":"2023-09-18T19:47:21","date_gmt":"2023-09-18T17:47:21","guid":{"rendered":"https:\/\/petite-pose.plein.ch\/?page_id=28971"},"modified":"2024-10-17T19:12:06","modified_gmt":"2024-10-17T17:12:06","slug":"olivenoel-la-pose","status":"publish","type":"page","link":"https:\/\/lapose.plein.ch\/fr\/olivenoel-la-pose\/","title":{"rendered":"L\u2019huile d\u2018olive"},"content":{"rendered":"<p>\u00abLa Tanche\u00bb est le nom de l\u2019olive qui pousse uniquement dans la r\u00e9gion de Nyons et des Baronnies. Plant\u00e9s dans un sol calcaire, ces oliviers robustes sont expos\u00e9s en permanence aux al\u00e9as climatiques.  Malgr\u00e9 la s\u00e9cheresse, le vent et le gel, l\u2019huile d\u00e9gage des saveurs douces et fruit\u00e9es. <\/p>\n\n\n\n<p>1\u2019000 producteurs, 270\u2019000 oliviers, 7 moulins et 300 \u00e0 400 tonnes d\u2019huile, voil\u00e0 les chiffres qui illustrent bien la culture de ce fruit d\u2019exception.<\/p>\n\n\n\n<h2 class=\"wp-block-heading\">La Tanche<\/h2>\n\n\n\n<p>L\u2019olive baronniarde par excellence est \u00ab la Tanche \u00bb qui r\u00e9sulte d\u2019une tr\u00e8s longue s\u00e9lection naturelle.<br>98 pourcent des olives produites aujourd\u2019hui dans les Baronnies appartiennent \u00e0 cette vari\u00e9t\u00e9 qui donne une huile douce, tr\u00e8s onctueuse, finement fruit\u00e9e, de couleur vert dor\u00e9.<\/p>\n\n\n\n<p>A la d\u00e9gustation, elle se caract\u00e9rise par des ar\u00f4mes de pomme verte, d'herbes fra\u00eechement coup\u00e9es, ainsi que des parfums de noisette et d'amande.<\/p>\n\n\n\n<p>Actuellement la zone de production de la Tanche dans les Baronnies s\u2019\u00e9tend sur plus de 50 communes entre le sud de la Dr\u00f4me et le nord Vaucluse. L\u2019oliveraie comprend environ 270 000 arbres se concentrant pour 60 pourcent du verger aux alentours des villes de Nyons et de Buis les Baronnies.<\/p>\n\n\n\n<p>1000 producteurs, 7 moulins et une coop\u00e9rative produisent chaque ann\u00e9e en moyenne de 3 \u00e0 400 tonnes d\u2019une des meilleures huiles d\u2019olive du monde.<\/p>\n\n\n\n<h2 class=\"wp-block-heading\">La Tradition<\/h2>\n\n\n\n<p>L'olivier est l'une des plus anciennes richesses agricoles du territoire des Baronnies. La production d\u2019huile d\u2019olive aura constitu\u00e9 depuis l\u2019\u00e9poque gallo romaine jusqu\u2019au d\u00e9but du XX\u00e8me si\u00e8cle un \u00e9l\u00e9ment important de l\u2019\u00e9conomie locale.<\/p>\n\n\n\n<p>A partir de la fin des ann\u00e9es 1920, l\u2019ol\u00e9iculture dans les Baronnies conna\u00eet une p\u00e9riode de d\u00e9clin due \u00e0 l\u2019essor de la vigne et aux diff\u00e9rents gels qui se sont succ\u00e9d\u00e9s, notamment en 1929 et 1956.<\/p>\n\n\n\n<p>Il faut attendre l\u2019obtention d\u2019une appellation simple en 1968, puis de la premi\u00e8re appellation d\u2019origine contr\u00f4l\u00e9e (AOC) accord\u00e9e \u00e0 une huile d\u2019olive fran\u00e7aise en 1994, pour observer un nouvel essor de l\u2019olivier dans les Baronnies dont la production ne cesse de cro\u00eetre depuis 30 ans.<\/p>\n\n\n\n<h2 class=\"wp-block-heading\">R\u00e9colte et pressage<\/h2>\n\n\n\n<p>On la r\u00e9colte en hiver entre la fin novembre et la mi janvier. Les olives sont alors \u00e0 maturit\u00e9, elles sont noires et rid\u00e9es en raison de la s\u00e9cheresse et des premiers gels.<\/p>\n\n\n\n<p>Les olives sont encore souvent r\u00e9colt\u00e9es \u00e0 la main ou encore \u00e0 l\u2019aide d\u2019un peigne \u00e0 dents largement espac\u00e9es et d\u2019un filet, avant d\u2019\u00eatre amen\u00e9 au moulin pour le triage, le lavage et l\u2019effeuillage.<br>On proc\u00e8de ensuite \u00e0 l\u2019extraction de l\u2019huile, soit par un proc\u00e9d\u00e9 traditionnel de meule et presse hydraulique (dans les anciens moulins), soit par un syst\u00e8me continu de broyeur \u00e0 marteau et centrifugeuse (un proc\u00e9d\u00e9 qui permet d\u2019obtenir une huile plus conforme aux normes d\u2019hygi\u00e8ne).<\/p>\n\n\n\n<p>Buis les Baronnies poss\u00e8de avec  \u201ele Moulin de Haute Provence\", le plus moderne et probablement le plus performant des sept moulins \u00e0 huile de la zone de production des Baronnies.<br>Ouvert en 1976 par Michel Bernard et repris en 2004 par Michel Fayant, il vient d'\u00eatre profond\u00e9ment modernis\u00e9 avec la mise en place d'une nouvelle chaine de trituration inaugur\u00e9e en novembre 2011. Un investissement de pr\u00e8s d'un demi-million d'Euros qui permet de tripler la vitesse de trituration et ainsi d\u2019am\u00e9liorer la qualit\u00e9 de l\u2019huile en r\u00e9duisant le temps entre le moment o\u00f9 l\u2019on ramasse l\u2019olive et le moment o\u00f9 elle est press\u00e9e.<\/p>","protected":false},"excerpt":{"rendered":"<p>\u201eLa Tanche\u201c ist die Olive, die ausschliesslich in der Region Baronnies Proven\u00e7ales&nbsp;und Nyons w\u00e4chst. Olivenb\u00e4ume, die den harten klimatischen Bedingungen trotzen \u2013 Trockenheit, Wind, Frost und kalkhaltige B\u00f6den. Das \u00d6l ist dennoch mild und fruchtig. Die Zahlen \u00fcber eines der wertvollsten Produkte der Region: 1\u2018000 Produzenten, 270\u2018000 Olivenb\u00e4ume, 7 \u00d6lm\u00fchlen, 300 bis 400 Tonnen \u00d6l. [&hellip;]<\/p>","protected":false},"author":1,"featured_media":29313,"parent":0,"menu_order":0,"comment_status":"closed","ping_status":"closed","template":"","meta":{"footnotes":""},"class_list":["post-28971","page","type-page","status-publish","has-post-thumbnail","hentry"],"yoast_head":"<!-- This site is optimized with the Yoast SEO plugin v26.6 - https:\/\/yoast.com\/wordpress\/plugins\/seo\/ -->\n<title>Das Oliven\u00f6l - La Pose<\/title>\n<meta name=\"robots\" content=\"index, follow, max-snippet:-1, max-image-preview:large, max-video-preview:-1\" \/>\n<link rel=\"canonical\" href=\"https:\/\/lapose.plein.ch\/fr\/olivenoel-la-pose\/\" \/>\n<meta property=\"og:locale\" content=\"fr_FR\" \/>\n<meta property=\"og:type\" content=\"article\" \/>\n<meta property=\"og:title\" content=\"Das Oliven\u00f6l - La Pose\" \/>\n<meta property=\"og:description\" content=\"\u201eLa Tanche\u201c ist die Olive, die ausschliesslich in der Region Baronnies Proven\u00e7ales&nbsp;und Nyons w\u00e4chst. Olivenb\u00e4ume, die den harten klimatischen Bedingungen trotzen \u2013 Trockenheit, Wind, Frost und kalkhaltige B\u00f6den. Das \u00d6l ist dennoch mild und fruchtig. Die Zahlen \u00fcber eines der wertvollsten Produkte der Region: 1\u2018000 Produzenten, 270\u2018000 Olivenb\u00e4ume, 7 \u00d6lm\u00fchlen, 300 bis 400 Tonnen \u00d6l. [&hellip;]\" \/>\n<meta property=\"og:url\" content=\"https:\/\/lapose.plein.ch\/fr\/olivenoel-la-pose\/\" \/>\n<meta property=\"og:site_name\" content=\"La Pose\" \/>\n<meta property=\"article:modified_time\" content=\"2024-10-17T17:12:06+00:00\" \/>\n<meta property=\"og:image\" content=\"https:\/\/lapose.plein.ch\/wp-content\/uploads\/2024\/10\/olivenoel-la-pose-provence.jpg\" \/>\n\t<meta property=\"og:image:width\" content=\"1000\" \/>\n\t<meta property=\"og:image:height\" content=\"277\" \/>\n\t<meta property=\"og:image:type\" content=\"image\/jpeg\" \/>\n<meta name=\"twitter:card\" content=\"summary_large_image\" \/>\n<meta name=\"twitter:label1\" content=\"Dur\u00e9e de lecture estim\u00e9e\" \/>\n\t<meta name=\"twitter:data1\" content=\"3 minutes\" \/>\n<script type=\"application\/ld+json\" class=\"yoast-schema-graph\">{\"@context\":\"https:\/\/schema.org\",\"@graph\":[{\"@type\":\"WebPage\",\"@id\":\"https:\/\/lapose.plein.ch\/olivenoel-la-pose\/\",\"url\":\"https:\/\/lapose.plein.ch\/olivenoel-la-pose\/\",\"name\":\"Das Oliven\u00f6l - La Pose\",\"isPartOf\":{\"@id\":\"https:\/\/lapose.plein.ch\/fr\/#website\"},\"primaryImageOfPage\":{\"@id\":\"https:\/\/lapose.plein.ch\/olivenoel-la-pose\/#primaryimage\"},\"image\":{\"@id\":\"https:\/\/lapose.plein.ch\/olivenoel-la-pose\/#primaryimage\"},\"thumbnailUrl\":\"https:\/\/lapose.plein.ch\/wp-content\/uploads\/2024\/10\/olivenoel-la-pose-provence.jpg\",\"datePublished\":\"2023-09-18T17:47:21+00:00\",\"dateModified\":\"2024-10-17T17:12:06+00:00\",\"breadcrumb\":{\"@id\":\"https:\/\/lapose.plein.ch\/olivenoel-la-pose\/#breadcrumb\"},\"inLanguage\":\"fr-FR\",\"potentialAction\":[{\"@type\":\"ReadAction\",\"target\":[\"https:\/\/lapose.plein.ch\/olivenoel-la-pose\/\"]}]},{\"@type\":\"ImageObject\",\"inLanguage\":\"fr-FR\",\"@id\":\"https:\/\/lapose.plein.ch\/olivenoel-la-pose\/#primaryimage\",\"url\":\"https:\/\/lapose.plein.ch\/wp-content\/uploads\/2024\/10\/olivenoel-la-pose-provence.jpg\",\"contentUrl\":\"https:\/\/lapose.plein.ch\/wp-content\/uploads\/2024\/10\/olivenoel-la-pose-provence.jpg\",\"width\":1000,\"height\":277,\"caption\":\"Drei La Tranche Oliven des Olivenhains La Pose in der Provence.\"},{\"@type\":\"BreadcrumbList\",\"@id\":\"https:\/\/lapose.plein.ch\/olivenoel-la-pose\/#breadcrumb\",\"itemListElement\":[{\"@type\":\"ListItem\",\"position\":1,\"name\":\"Startseite\",\"item\":\"https:\/\/lapose.plein.ch\/fr\/\"},{\"@type\":\"ListItem\",\"position\":2,\"name\":\"Das Oliven\u00f6l\"}]},{\"@type\":\"WebSite\",\"@id\":\"https:\/\/lapose.plein.ch\/fr\/#website\",\"url\":\"https:\/\/lapose.plein.ch\/fr\/\",\"name\":\"La Pose\",\"description\":\"\",\"potentialAction\":[{\"@type\":\"SearchAction\",\"target\":{\"@type\":\"EntryPoint\",\"urlTemplate\":\"https:\/\/lapose.plein.ch\/fr\/?s={search_term_string}\"},\"query-input\":{\"@type\":\"PropertyValueSpecification\",\"valueRequired\":true,\"valueName\":\"search_term_string\"}}],\"inLanguage\":\"fr-FR\"}]}<\/script>\n<!-- \/ Yoast SEO plugin. -->","yoast_head_json":{"title":"Das Oliven\u00f6l - La Pose","robots":{"index":"index","follow":"follow","max-snippet":"max-snippet:-1","max-image-preview":"max-image-preview:large","max-video-preview":"max-video-preview:-1"},"canonical":"https:\/\/lapose.plein.ch\/fr\/olivenoel-la-pose\/","og_locale":"fr_FR","og_type":"article","og_title":"Das Oliven\u00f6l - La Pose","og_description":"\u201eLa Tanche\u201c ist die Olive, die ausschliesslich in der Region Baronnies Proven\u00e7ales&nbsp;und Nyons w\u00e4chst. Olivenb\u00e4ume, die den harten klimatischen Bedingungen trotzen \u2013 Trockenheit, Wind, Frost und kalkhaltige B\u00f6den. Das \u00d6l ist dennoch mild und fruchtig. Die Zahlen \u00fcber eines der wertvollsten Produkte der Region: 1\u2018000 Produzenten, 270\u2018000 Olivenb\u00e4ume, 7 \u00d6lm\u00fchlen, 300 bis 400 Tonnen \u00d6l. [&hellip;]","og_url":"https:\/\/lapose.plein.ch\/fr\/olivenoel-la-pose\/","og_site_name":"La Pose","article_modified_time":"2024-10-17T17:12:06+00:00","og_image":[{"width":1000,"height":277,"url":"https:\/\/lapose.plein.ch\/wp-content\/uploads\/2024\/10\/olivenoel-la-pose-provence.jpg","type":"image\/jpeg"}],"twitter_card":"summary_large_image","twitter_misc":{"Dur\u00e9e de lecture estim\u00e9e":"3 minutes"},"schema":{"@context":"https:\/\/schema.org","@graph":[{"@type":"WebPage","@id":"https:\/\/lapose.plein.ch\/olivenoel-la-pose\/","url":"https:\/\/lapose.plein.ch\/olivenoel-la-pose\/","name":"Das Oliven\u00f6l - La Pose","isPartOf":{"@id":"https:\/\/lapose.plein.ch\/fr\/#website"},"primaryImageOfPage":{"@id":"https:\/\/lapose.plein.ch\/olivenoel-la-pose\/#primaryimage"},"image":{"@id":"https:\/\/lapose.plein.ch\/olivenoel-la-pose\/#primaryimage"},"thumbnailUrl":"https:\/\/lapose.plein.ch\/wp-content\/uploads\/2024\/10\/olivenoel-la-pose-provence.jpg","datePublished":"2023-09-18T17:47:21+00:00","dateModified":"2024-10-17T17:12:06+00:00","breadcrumb":{"@id":"https:\/\/lapose.plein.ch\/olivenoel-la-pose\/#breadcrumb"},"inLanguage":"fr-FR","potentialAction":[{"@type":"ReadAction","target":["https:\/\/lapose.plein.ch\/olivenoel-la-pose\/"]}]},{"@type":"ImageObject","inLanguage":"fr-FR","@id":"https:\/\/lapose.plein.ch\/olivenoel-la-pose\/#primaryimage","url":"https:\/\/lapose.plein.ch\/wp-content\/uploads\/2024\/10\/olivenoel-la-pose-provence.jpg","contentUrl":"https:\/\/lapose.plein.ch\/wp-content\/uploads\/2024\/10\/olivenoel-la-pose-provence.jpg","width":1000,"height":277,"caption":"Drei La Tranche Oliven des Olivenhains La Pose in der Provence."},{"@type":"BreadcrumbList","@id":"https:\/\/lapose.plein.ch\/olivenoel-la-pose\/#breadcrumb","itemListElement":[{"@type":"ListItem","position":1,"name":"Startseite","item":"https:\/\/lapose.plein.ch\/fr\/"},{"@type":"ListItem","position":2,"name":"Das Oliven\u00f6l"}]},{"@type":"WebSite","@id":"https:\/\/lapose.plein.ch\/fr\/#website","url":"https:\/\/lapose.plein.ch\/fr\/","name":"La Pose","description":"","potentialAction":[{"@type":"SearchAction","target":{"@type":"EntryPoint","urlTemplate":"https:\/\/lapose.plein.ch\/fr\/?s={search_term_string}"},"query-input":{"@type":"PropertyValueSpecification","valueRequired":true,"valueName":"search_term_string"}}],"inLanguage":"fr-FR"}]}},"_links":{"self":[{"href":"https:\/\/lapose.plein.ch\/fr\/wp-json\/wp\/v2\/pages\/28971","targetHints":{"allow":["GET"]}}],"collection":[{"href":"https:\/\/lapose.plein.ch\/fr\/wp-json\/wp\/v2\/pages"}],"about":[{"href":"https:\/\/lapose.plein.ch\/fr\/wp-json\/wp\/v2\/types\/page"}],"author":[{"embeddable":true,"href":"https:\/\/lapose.plein.ch\/fr\/wp-json\/wp\/v2\/users\/1"}],"replies":[{"embeddable":true,"href":"https:\/\/lapose.plein.ch\/fr\/wp-json\/wp\/v2\/comments?post=28971"}],"version-history":[{"count":14,"href":"https:\/\/lapose.plein.ch\/fr\/wp-json\/wp\/v2\/pages\/28971\/revisions"}],"predecessor-version":[{"id":29316,"href":"https:\/\/lapose.plein.ch\/fr\/wp-json\/wp\/v2\/pages\/28971\/revisions\/29316"}],"wp:featuredmedia":[{"embeddable":true,"href":"https:\/\/lapose.plein.ch\/fr\/wp-json\/wp\/v2\/media\/29313"}],"wp:attachment":[{"href":"https:\/\/lapose.plein.ch\/fr\/wp-json\/wp\/v2\/media?parent=28971"}],"curies":[{"name":"wp","href":"https:\/\/api.w.org\/{rel}","templated":true}]}}